{"id":4852,"date":"2024-02-05T12:40:51","date_gmt":"2024-02-05T18:40:51","guid":{"rendered":"https:\/\/www.paginasweb.com.gt\/sitio\/?page_id=4852"},"modified":"2024-06-09T16:06:10","modified_gmt":"2024-06-09T22:06:10","slug":"politicas-de-privacidad","status":"publish","type":"page","link":"https:\/\/paginasweb.com.gt\/sitio\/politicas-de-privacidad\/","title":{"rendered":"Pol\u00edticas de privacidad"},"content":{"rendered":"<p>[et_pb_section fb_built=\u00bb1&#8243; custom_padding_last_edited=\u00bbon|phone\u00bb _builder_version=\u00bb4.24.0&#8243; _module_preset=\u00bbdefault\u00bb background_enable_color=\u00bboff\u00bb background_image=\u00bbhttps:\/\/paginasweb.com.gt\/sitio\/wp-content\/uploads\/2024\/02\/textura-fondo-3_Mesa-de-trabajo-1.png\u00bb background_enable_video_mp4=\u00bboff\u00bb background_enable_video_webm=\u00bboff\u00bb background_video_width=\u00bb1920&#8243; background_video_height=\u00bb1080&#8243; min_height_tablet=\u00bbauto\u00bb min_height_phone=\u00bbauto\u00bb min_height_last_edited=\u00bbon|phone\u00bb custom_margin=\u00bb0px||||false|false\u00bb custom_padding=\u00bb1rem||1rem||true|false\u00bb custom_padding_tablet=\u00bb5vh||5vh||false|false\u00bb custom_padding_phone=\u00bb5vh||5vh||true|false\u00bb custom_css_main_element=\u00bbdisplay: flex;||align-items: center;||justify-content: center;\u00bb custom_css_after=\u00bb    content:%22%22;||    display: block;||    position: absolute;||    top: 0;||    left: 0;||    width: 100%;||    height: 100%;||    background-color: #fc4242;||\t\tmix-blend-mode: multiply;\u00bb global_colors_info=\u00bb{%22gcid-229c95aa-7de9-4f9b-bc0b-6e470343c5af%22:%91%22colorStart%22%93,%22gcid-032c8ff5-be74-4866-ade2-128cd578c452%22:%91%22colorEnd%22%93}\u00bb][et_pb_row _builder_version=\u00bb4.24.0&#8243; _module_preset=\u00bbdefault\u00bb max_width=\u00bb100%\u00bb global_colors_info=\u00bb{}\u00bb][et_pb_column type=\u00bb4_4&#8243; _builder_version=\u00bb4.24.0&#8243; _module_preset=\u00bbdefault\u00bb global_colors_info=\u00bb{}\u00bb][et_pb_post_title meta=\u00bboff\u00bb featured_image=\u00bboff\u00bb _builder_version=\u00bb4.24.0&#8243; _module_preset=\u00bbdefault\u00bb title_font=\u00bb|700|||||||\u00bb title_text_color=\u00bb#FFFFFF\u00bb title_font_size=\u00bb3rem\u00bb global_colors_info=\u00bb{}\u00bb][\/et_pb_post_title][\/et_pb_column][\/et_pb_row][\/et_pb_section][et_pb_section fb_built=\u00bb1&#8243; _builder_version=\u00bb4.24.0&#8243; _module_preset=\u00bbdefault\u00bb background_color=\u00bb#f3f3f3&#8243; global_colors_info=\u00bb{}\u00bb][et_pb_row _builder_version=\u00bb4.24.0&#8243; _module_preset=\u00bbdefault\u00bb max_width=\u00bb100%\u00bb global_colors_info=\u00bb{}\u00bb][et_pb_column type=\u00bb4_4&#8243; _builder_version=\u00bb4.24.0&#8243; _module_preset=\u00bbdefault\u00bb global_colors_info=\u00bb{}\u00bb][et_pb_text _builder_version=\u00bb4.24.0&#8243; _module_preset=\u00bbdefault\u00bb global_colors_info=\u00bb{}\u00bb]<\/p>\n<h2>Informaci\u00f3n Preliminar<\/h2>\n<p>[\/et_pb_text][et_pb_text ol_type=\u00bblower-latin\u00bb _builder_version=\u00bb4.24.0&#8243; _module_preset=\u00bbdefault\u00bb text_font=\u00bb|300|||||||\u00bb text_text_color=\u00bb#000000&#8243; text_font_size=\u00bb1rem\u00bb text_line_height=\u00bb1.2em\u00bb header_text_color=\u00bbgcid-94fe74ba-f328-4222-be9a-5655fca4a507&#8243; header_2_font=\u00bb|600|||||||\u00bb header_2_font_size=\u00bb3.5rem\u00bb header_2_line_height=\u00bb1.3em\u00bb header_5_font=\u00bb|600|||||||\u00bb header_5_text_color=\u00bb#000000&#8243; header_5_font_size=\u00bb2.2rem\u00bb header_5_line_height=\u00bb1.4em\u00bb position_origin_a=\u00bbbottom_left\u00bb vertical_offset=\u00bb5rem\u00bb vertical_offset_tablet=\u00bb5rem\u00bb vertical_offset_phone=\u00bb-4rem\u00bb vertical_offset_last_edited=\u00bbon|phone\u00bb width=\u00bb80%\u00bb width_tablet=\u00bb100%\u00bb width_last_edited=\u00bboff|desktop\u00bb max_width=\u00bb100%\u00bb module_alignment=\u00bbcenter\u00bb custom_margin=\u00bb0rem||||false|false\u00bb custom_margin_tablet=\u00bb0rem||||false|false\u00bb custom_margin_phone=\u00bb0rem||0px||false|false\u00bb custom_margin_last_edited=\u00bbon|tablet\u00bb custom_padding=\u00bb||0px||false|false\u00bb custom_padding_tablet=\u00bb||0px||false|false\u00bb custom_padding_phone=\u00bb0px||0px||false|false\u00bb custom_padding_last_edited=\u00bbon|phone\u00bb animation_direction=\u00bbtop\u00bb text_font_size_tablet=\u00bb1.2rem\u00bb text_font_size_phone=\u00bb1rem\u00bb text_font_size_last_edited=\u00bboff|desktop\u00bb header_2_font_size_tablet=\u00bb2rem\u00bb header_2_font_size_phone=\u00bb2rem\u00bb header_2_font_size_last_edited=\u00bbon|tablet\u00bb header_5_font_size_tablet=\u00bb1.2rem\u00bb header_5_font_size_phone=\u00bb1.1rem\u00bb header_5_font_size_last_edited=\u00bbon|tablet\u00bb text_orientation_phone=\u00bbcenter\u00bb text_orientation_last_edited=\u00bboff|desktop\u00bb custom_css_free_form=\u00bbselector .et_pb_text_inner ol li{||  margin-bottom: 0.5rem;||  padding-left: 20px; ||  text-indent: -20px;||}\u00bb global_colors_info=\u00bb{%22gcid-94fe74ba-f328-4222-be9a-5655fca4a507%22:%91%22header_text_color%22%93}\u00bb]<\/p>\n<ol>\n<li><strong>PWG:<\/strong> P\u00e1ginas Web Guatemala, Sistemas y Soluciones en Inform\u00e1tica, S&amp;H Emanuel y\/o cualesquiera de sus compa\u00f1\u00edas afiliadas y\/o las personas que tengan participaci\u00f3n dentro de la o las mismas.<\/li>\n<li><strong>Autor:<\/strong> P\u00e1ginas Web Guatemala, S&amp;H Emanuel, Sistemas y Soluciones en Inform\u00e1tica y\/o cualesquiera de sus compa\u00f1\u00edas afiliadas y\/o las personas que tengan participaci\u00f3n dentro de la o las mismas.<\/li>\n<li><strong>Propietario:<\/strong> P\u00e1ginas Web Guatemala, S&amp;H Emanuel, Sistemas y Soluciones en Inform\u00e1tica y\/o cualesquiera de sus compa\u00f1\u00edas afiliadas y\/o las personas que tengan participaci\u00f3n dentro de la o las mismas.<\/li>\n<li><strong>Producto:<\/strong> Cualesquiera productos que adquiera con P\u00e1ginas Web Guatemala.<\/li>\n<li><strong>Servicio:<\/strong> Cualesquiera servicios que reciba por parte de P\u00e1ginas Web Guatemala y\/o cualesquiera de sus compa\u00f1\u00edas afiliadas y\/o las personas con participaci\u00f3n en la o las mismas.<\/li>\n<li><strong>Singular o Plural:<\/strong> Es Indistinto usar singular o plural de las palabras anteriores, se interpreta de la misma manera y solo cuando hace referencia a sus significados.<\/li>\n<li><strong>G\u00e9nero:<\/strong> Es indistinto usar un g\u00e9nero u otro, siempre que se refiera a la misma cosa o persona.<\/li>\n<li><strong>Software:<\/strong> Cualesquiera Productos de Software que sean propiedad del Autor.<\/li>\n<\/ol>\n<p>[\/et_pb_text][et_pb_text _builder_version=\u00bb4.24.0&#8243; _module_preset=\u00bbdefault\u00bb global_colors_info=\u00bb{}\u00bb]<\/p>\n<h2>Pol\u00edtica de Manejo de la Informaci\u00f3n y Condiciones de Uso<\/h2>\n<p>[\/et_pb_text][et_pb_text ol_type=\u00bblower-latin\u00bb _builder_version=\u00bb4.24.0&#8243; _module_preset=\u00bbdefault\u00bb text_font=\u00bb|300|||||||\u00bb text_text_color=\u00bb#000000&#8243; text_font_size=\u00bb1rem\u00bb text_line_height=\u00bb1.2em\u00bb header_text_color=\u00bbgcid-94fe74ba-f328-4222-be9a-5655fca4a507&#8243; header_2_font=\u00bb|600|||||||\u00bb header_2_font_size=\u00bb3.5rem\u00bb header_2_line_height=\u00bb1.3em\u00bb header_5_font=\u00bb|600|||||||\u00bb header_5_text_color=\u00bb#000000&#8243; header_5_font_size=\u00bb2.2rem\u00bb header_5_line_height=\u00bb1.4em\u00bb position_origin_a=\u00bbbottom_left\u00bb vertical_offset=\u00bb5rem\u00bb vertical_offset_tablet=\u00bb5rem\u00bb vertical_offset_phone=\u00bb-4rem\u00bb vertical_offset_last_edited=\u00bbon|phone\u00bb width=\u00bb80%\u00bb max_width=\u00bb100%\u00bb module_alignment=\u00bbcenter\u00bb custom_margin=\u00bb0rem||||false|false\u00bb custom_margin_tablet=\u00bb0rem||||false|false\u00bb custom_margin_phone=\u00bb0rem||0px||false|false\u00bb custom_margin_last_edited=\u00bbon|tablet\u00bb custom_padding=\u00bb||0px||false|false\u00bb custom_padding_tablet=\u00bb||0px||false|false\u00bb custom_padding_phone=\u00bb0px||0px||false|false\u00bb custom_padding_last_edited=\u00bbon|phone\u00bb animation_direction=\u00bbtop\u00bb header_2_font_size_tablet=\u00bb2rem\u00bb header_2_font_size_phone=\u00bb2rem\u00bb header_2_font_size_last_edited=\u00bbon|tablet\u00bb header_5_font_size_tablet=\u00bb1.2rem\u00bb header_5_font_size_phone=\u00bb1.1rem\u00bb header_5_font_size_last_edited=\u00bbon|tablet\u00bb custom_css_free_form=\u00bbselector .et_pb_text_inner ol li{||  margin-bottom: 0.5rem;||  padding-left: 20px; ||  text-indent: -20px;||}\u00bb global_colors_info=\u00bb{%22gcid-94fe74ba-f328-4222-be9a-5655fca4a507%22:%91%22header_text_color%22,%22header_text_color%22%93}\u00bb]<\/p>\n<ol>\n<li>Salvo lo especificado m\u00e1s adelante, PWG no vender\u00e1, alquilar\u00e1, comercializar\u00e1 ni transferir\u00e1 ning\u00fan tipo de datos personales o de cualquier tipo contendido en la base de datos de cualesquiera de los m\u00f3dulos del software que usted est\u00e9 utilizando bajo licencia, as\u00ed como tampoco el contenido de las comunicaciones del software en la Intranet o Internet sin su permiso expl\u00edcito, a menos que tenga la obligaci\u00f3n de hacerlo conforme a las leyes vigentes o a lo establecido por las autoridades competentes. Tenga en cuenta que la informaci\u00f3n que se ingresa voluntariamente en el software y su base de datos, estar\u00e1 disponible y visible para los usuarios del software, seg\u00fan los permisos que usted les otorgue.<\/li>\n<li>Es posible que accedamos a la base de datos del software, cuando creamos de buena fe que hacerlo es necesario para cumplir con la ley aplicable o responder a procesos legales v\u00e1lidos iniciados por las autoridades competentes, como, por ejemplo, las instituciones que velan por el cumplimiento de las leyes u otros organismos gubernamentales; proteger a nuestros clientes, por ejemplo y no limitado a, para evitar el uso no autorizado del software, los intentos de fraude o delitos cibern\u00e9ticos a nuestros clientes o para tratar de impedir el incumplimiento del presente contrato; para mejorar el funcionamiento y el mantenimiento del software y productos y servicios tanto del Autor como de terceros o proteger nuestros derechos y bienes, como, por ejemplo y no limitado a, para exigir el cumplimiento de los t\u00e9rminos que rigen el uso del software, y productos o servicios que prestamos. No obstante, si nos informaran de que alguna persona individual y\/o jur\u00eddica est\u00e1 utilizando nuestros productos sin licencia, no invadiremos su privacidad, sino que remitiremos el problema donde proceda para exigir el cumplimiento de la ley o de contrato.<\/li>\n<li>Con el fin de brindar al usuario las funciones del Software que haya solicitado, el Autor podr\u00e1, en algunos casos y de ser necesario, compartir sus datos de comunicaci\u00f3n y de tr\u00e1fico con compa\u00f1\u00edas afiliadas, operadores, agentes o proveedores de servicios que sean socios de del Autor. Por ejemplo pero no limitado a, el proveedor de la puerta de enlace para acceso remoto al servidor donde est\u00e9 instalado el software, env\u00edo de correo electr\u00f3nico cuando el software tiene habilitadas dichas funciones, servicios de asistencia al cliente o servicios de alojamiento. En todos los casos, el Autor exigir\u00e1 a dichos terceros tomar las medidas organizativas y t\u00e9cnicas apropiadas a fin de proteger los datos de las comunicaciones y de tr\u00e1fico que utilice el Software y respetar la legislaci\u00f3n correspondiente.<\/li>\n<li>Algunos productos del Autor utilizados por el Software pueden (i) ser de marca compartida, (ii) estar disponibles a trav\u00e9s del sitio web de una compa\u00f1\u00eda asociada o (iii) estar respaldados por una compa\u00f1\u00eda asociada o (iv) Ser propiedad de otra compa\u00f1\u00eda. Si usted usa el Software y solicita dichos m\u00f3dulos para usar tales productos, da su consentimiento para que el Autor, el Software y la compa\u00f1\u00eda asociada tenga acceso a los datos en relaci\u00f3n con el producto y comprende que el uso que la compa\u00f1\u00eda asociada haga de los datos puede estar sujeto a la pol\u00edtica de privacidad de dicha compa\u00f1\u00eda. El Autor puede ofrecer sus productos en conexi\u00f3n con otros sitios web o servicios, o puede asociarse con otros servicios en Internet para ofrecer una combinaci\u00f3n de resultados de productos y servicios, o bien, otorgue beneficios y servicios adicionales, todo para mejorar, habilitar y maximizar el uso y las capacidades del Software.<\/li>\n<li>El Autor, el socio local del Autor o el operador o la empresa que facilitan la comunicaci\u00f3n del usuario podr\u00e1n suministrar datos de contenido o de comunicaciones o informaci\u00f3n de tr\u00e1fico a una autoridad gubernamental, judicial u organismo de seguridad que solicite dicha informaci\u00f3n conforme a la ley. El Autor proporcionar\u00e1 la colaboraci\u00f3n e informaci\u00f3n razonables para responder a dicha solicitud y, por el presente, usted presta su consentimiento a dicha divulgaci\u00f3n, sin embargo, se respetar\u00e1 que esto sea conforme a lo que la ley permite.<\/li>\n<li>La informaci\u00f3n de la base de datos puede almacenarse y procesarse en la Rep\u00fablica de Guatemala o cualquier otro pa\u00eds en el que haya instalaciones del Autor o sus afiliados, subsidiarias o proveedores de servicios, tales como Hosting, Servidores Web u otros similares. En este sentido, o con el fin de compartir o divulgar informaci\u00f3n seg\u00fan lo indicado en el presente art\u00edculo, El Autor se reserva el derecho de transferir informaci\u00f3n fuera del pa\u00eds del cliente. Al usar el software, usted autoriza a que se efect\u00fae dicha transferencia de informaci\u00f3n fuera de su pa\u00eds.<\/li>\n<li>En el desarrollo de sus actividades comerciales, El Autor podr\u00e1 comprar, vender, arrendar o subarrendar subsidiarias o unidades de negocio, o servicios de o a terceros. En aquellas transacciones en las que el Autor o pr\u00e1cticamente la totalidad de los activos del Autor fuesen adquiridos por un tercero, estas pol\u00edticas tambi\u00e9n ser\u00e1n transferidas.<\/li>\n<li>Las p\u00e1ginas web y las interfaces de cliente del Software pueden incluir gifs transparentes, se\u00f1alizaciones web, p\u00edxeles de seguimiento y otras im\u00e1genes electr\u00f3nicas similares para la inserci\u00f3n de cookies en los sitios web que utilice el Software con el fin de agilizar los procesos en el ordenador que se est\u00e1 utilizando. Esto nos permite medir la eficacia de ciertas comunicaciones y realizar un seguimiento de la eficacia de nuestras tecnolog\u00edas.<\/li>\n<li>El Software utilizado para sitios web de cualquier naturaleza tambi\u00e9n puede estar sujeto a licenciamientos, los cuales el Autor adquirir\u00e1 en su nombre para lo cual usted le autoriza, sin embargo, el Autor ser\u00e1 responsable con el tercero y podr\u00e1 utilizar las licencias que m\u00e1s le convengan, esto no deber\u00e1 afectar su informaci\u00f3n, sin embargo, el Autor no puede garantizar que el tercero no haga uso de su informaci\u00f3n de lo cual el Autor queda liberado por usted de toda responsabilidad.<\/li>\n<li>Al hacer contratar los servicios de PWG usted acepta todas estas condiciones de privacidad de la informaci\u00f3n y cualesqueira otras que est\u00e9n en el sitio web del Autor o en la cotizaci\u00f3n que recibi\u00f3. En todo caso, cualquier comunicaci\u00f3n electr\u00f3nica que se haga por cualquier medio tambi\u00e9n ser\u00e1 aplicable conforme a lo que establece la Ley para el Reconocimiento de Comunicaciones y Firmas Electr\u00f3nicas de Guatemala.<\/li>\n<li>El r\u00e9gimen legal aplicable es toda la legislaci\u00f3n de la Rep\u00fablica de Guatemala, y cualquier controversia deber\u00e1 solucionarse por el proceso oral y no antes de agotarse la v\u00eda conciliatoria entre usted y el Autor.<\/li>\n<\/ol>\n<p>[\/et_pb_text][\/et_pb_column][\/et_pb_row][\/et_pb_section]<\/p>\n","protected":false},"excerpt":{"rendered":"<p>Informaci\u00f3n Preliminar PWG: P\u00e1ginas Web Guatemala, Sistemas y Soluciones en Inform\u00e1tica, S&amp;H Emanuel y\/o cualesquiera de sus compa\u00f1\u00edas afiliadas y\/o las personas que tengan participaci\u00f3n dentro de la o las mismas. Autor: P\u00e1ginas Web Guatemala, S&amp;H Emanuel, Sistemas y Soluciones en Inform\u00e1tica y\/o cualesquiera de sus compa\u00f1\u00edas afiliadas y\/o las personas que tengan participaci\u00f3n dentro [&hellip;]<\/p>\n","protected":false},"author":1,"featured_media":0,"parent":0,"menu_order":0,"comment_status":"closed","ping_status":"closed","template":"","meta":{"_et_pb_use_builder":"on","_et_pb_old_content":"","_et_gb_content_width":"","footnotes":""},"class_list":["post-4852","page","type-page","status-publish","hentry"],"_links":{"self":[{"href":"https:\/\/paginasweb.com.gt\/sitio\/wp-json\/wp\/v2\/pages\/4852","targetHints":{"allow":["GET"]}}],"collection":[{"href":"https:\/\/paginasweb.com.gt\/sitio\/wp-json\/wp\/v2\/pages"}],"about":[{"href":"https:\/\/paginasweb.com.gt\/sitio\/wp-json\/wp\/v2\/types\/page"}],"author":[{"embeddable":true,"href":"https:\/\/paginasweb.com.gt\/sitio\/wp-json\/wp\/v2\/users\/1"}],"replies":[{"embeddable":true,"href":"https:\/\/paginasweb.com.gt\/sitio\/wp-json\/wp\/v2\/comments?post=4852"}],"version-history":[{"count":2,"href":"https:\/\/paginasweb.com.gt\/sitio\/wp-json\/wp\/v2\/pages\/4852\/revisions"}],"predecessor-version":[{"id":5101,"href":"https:\/\/paginasweb.com.gt\/sitio\/wp-json\/wp\/v2\/pages\/4852\/revisions\/5101"}],"wp:attachment":[{"href":"https:\/\/paginasweb.com.gt\/sitio\/wp-json\/wp\/v2\/media?parent=4852"}],"curies":[{"name":"wp","href":"https:\/\/api.w.org\/{rel}","templated":true}]}}